{"id":232,"date":"2020-02-12T16:10:21","date_gmt":"2020-02-12T14:10:21","guid":{"rendered":"https:\/\/www.scoala11brasov.ro\/?page_id=232"},"modified":"2024-06-06T13:17:13","modified_gmt":"2024-06-06T13:17:13","slug":"anunturi","status":"publish","type":"page","link":"https:\/\/www.scoala11brasov.ro\/?page_id=232","title":{"rendered":"Informa\u021bii importante"},"content":{"rendered":"\n<p>_____________________________________________________________________________<\/p>\n\n\n\n<p><strong>ADMITEREA \u00ceN \u00ceNV\u0102\u021a\u0102M\u00c2NTUL LICEAL, PROFESIONAL DE STAT \u0218I DUAL<\/strong> &#8211; <strong>2024-2025<\/strong><\/p>\n\n\n\n<div data-wp-interactive=\"core\/file\" class=\"wp-block-file\"><object data-wp-bind--hidden=\"!state.hasPdfPreview\" hidden class=\"wp-block-file__embed\" data=\"https:\/\/www.scoala11brasov.ro\/wp-content\/uploads\/2024\/06\/Brosura_de_admitere_liceu-dual-profesional_2024-2025_v2.pdf\" type=\"application\/pdf\" style=\"width:100%;height:600px\" aria-label=\"Embed of Brosura_de_admitere_liceu-dual-profesional_2024-2025.\"><\/object><a id=\"wp-block-file--media-3e17c307-ab10-443a-84bc-6692c91df1d0\" href=\"https:\/\/www.scoala11brasov.ro\/wp-content\/uploads\/2024\/06\/Brosura_de_admitere_liceu-dual-profesional_2024-2025_v2.pdf\">Brosura_de_admitere_liceu-dual-profesional_2024-2025<\/a><a href=\"https:\/\/www.scoala11brasov.ro\/wp-content\/uploads\/2024\/06\/Brosura_de_admitere_liceu-dual-profesional_2024-2025_v2.pdf\" class=\"wp-block-file__button wp-element-button\" download aria-describedby=\"wp-block-file--media-3e17c307-ab10-443a-84bc-6692c91df1d0\">Download<\/a><\/div>\n\n\n\n<p>_____________________________________________________________________________<\/p>\n\n\n\n<p><strong>TRAFICUL DE PERSOANE &#8211; Ce trebuie s\u0103 \u0219tim?<\/strong><br><a href=\"https:\/\/www.cseibrasov.ro\/wp-content\/uploads\/2023\/03\/Traficul-de-persoane-Ghid-pentru-cadrele-didactice-1.pdf\">https:\/\/www.cseibrasov.ro\/wp-content\/uploads\/2023\/03\/Traficul-de-persoane-Ghid-pentru-cadrele-didactice-1.pdf<\/a><\/p>\n\n\n\n<figure class=\"wp-block-image size-large\"><img decoding=\"async\" src=\"https:\/\/www.scoala11brasov.ro\/wp-content\/uploads\/2023\/05\/Trafic-de-persoane-1-1024x722.png\" alt=\"\" class=\"wp-image-624\"\/><\/figure>\n\n\n\n<figure class=\"wp-block-image size-large\"><img decoding=\"async\" src=\"https:\/\/www.scoala11brasov.ro\/wp-content\/uploads\/2023\/05\/Trafic-de-persoane-2-1024x722.png\" alt=\"\" class=\"wp-image-626\"\/><\/figure>\n\n\n\n<p><\/p>\n\n\n\n<p><\/p>\n","protected":false},"excerpt":{"rendered":"<p>_____________________________________________________________________________ ADMITEREA \u00ceN \u00ceNV\u0102\u021a\u0102M\u00c2NTUL LICEAL, PROFESIONAL DE STAT \u0218I DUAL &#8211; 2024-2025 _____________________________________________________________________________ TRAFICUL DE PERSOANE &#8211; Ce trebuie s\u0103 \u0219tim?https:\/\/www.cseibrasov.ro\/wp-content\/uploads\/2023\/03\/Traficul-de-persoane-Ghid-pentru-cadrele-didactice-1.pdf<\/p>\n","protected":false},"author":1,"featured_media":0,"parent":0,"menu_order":0,"comment_status":"closed","ping_status":"closed","template":"","meta":{"footnotes":""},"class_list":["post-232","page","type-page","status-publish","hentry"],"jetpack_sharing_enabled":true,"_links":{"self":[{"href":"https:\/\/www.scoala11brasov.ro\/index.php?rest_route=\/wp\/v2\/pages\/232","targetHints":{"allow":["GET"]}}],"collection":[{"href":"https:\/\/www.scoala11brasov.ro\/index.php?rest_route=\/wp\/v2\/pages"}],"about":[{"href":"https:\/\/www.scoala11brasov.ro\/index.php?rest_route=\/wp\/v2\/types\/page"}],"author":[{"embeddable":true,"href":"https:\/\/www.scoala11brasov.ro\/index.php?rest_route=\/wp\/v2\/users\/1"}],"replies":[{"embeddable":true,"href":"https:\/\/www.scoala11brasov.ro\/index.php?rest_route=%2Fwp%2Fv2%2Fcomments&post=232"}],"version-history":[{"count":5,"href":"https:\/\/www.scoala11brasov.ro\/index.php?rest_route=\/wp\/v2\/pages\/232\/revisions"}],"predecessor-version":[{"id":676,"href":"https:\/\/www.scoala11brasov.ro\/index.php?rest_route=\/wp\/v2\/pages\/232\/revisions\/676"}],"wp:attachment":[{"href":"https:\/\/www.scoala11brasov.ro\/index.php?rest_route=%2Fwp%2Fv2%2Fmedia&parent=232"}],"curies":[{"name":"wp","href":"https:\/\/api.w.org\/{rel}","templated":true}]}}