{"id":505,"date":"2022-05-27T16:47:18","date_gmt":"2022-05-27T14:47:18","guid":{"rendered":"https:\/\/www.scoala11brasov.ro\/?page_id=505"},"modified":"2024-10-07T20:55:49","modified_gmt":"2024-10-07T20:55:49","slug":"inscriere-clasa-pregatitoare-an-scolar-2022-2023","status":"publish","type":"page","link":"https:\/\/www.scoala11brasov.ro\/?page_id=505","title":{"rendered":"Mens sana in corpore sano"},"content":{"rendered":"\n<p><strong>Elevii \u0218colii Gimnaziale Nr. 11 &#8220;\u0218tefan Octavian Iosif&#8221; Bra\u0219ov au participat \u00een perioada 23-27.09.2024 la European School Sport Day<\/strong>, un proiect deosebit \u00een cadrul c\u0103ruia s-au desf\u0103\u0219urat o mul\u021bime de activit\u0103\u021bi fizice \u0219i sportive. Dintre acestea men\u021bion\u0103m:<\/p>\n\n\n\n<ul class=\"wp-block-list\">\n<li>jocuri de echip\u0103: minibaschet, minifotbal, minihandbal<\/li>\n\n\n\n<li>ini\u021biere \u00een jocul de badminton<\/li>\n\n\n\n<li>\u2060gimnastic\u0103 de \u00eentre\u021binere<\/li>\n\n\n\n<li>\u2060\u0219tafeta ,,celor puternici\u2019\u2019<\/li>\n<\/ul>\n\n\n\n<p>Activitatea s-a desf\u0103\u0219urat \u00eentr-o atmosfer\u0103 frumoas\u0103 iar elevii \u00eempreun\u0103 cu profesorii s-au declarat \u00eenc\u00e2nta\u021bi la \u00eencheierea acesteia.<\/p>\n\n\n\n<figure class=\"wp-block-image size-full\"><img fetchpriority=\"high\" decoding=\"async\" width=\"514\" height=\"900\" src=\"https:\/\/www.scoala11brasov.ro\/wp-content\/uploads\/2024\/10\/WhatsApp-Image-2024-09-26-at-18.10.36.jpeg\" alt=\"\" class=\"wp-image-701\" srcset=\"https:\/\/www.scoala11brasov.ro\/wp-content\/uploads\/2024\/10\/WhatsApp-Image-2024-09-26-at-18.10.36.jpeg 514w, https:\/\/www.scoala11brasov.ro\/wp-content\/uploads\/2024\/10\/WhatsApp-Image-2024-09-26-at-18.10.36-171x300.jpeg 171w\" sizes=\"(max-width: 514px) 100vw, 514px\" \/><\/figure>\n\n\n\n<figure class=\"wp-block-image size-large\"><img decoding=\"async\" width=\"1024\" height=\"768\" src=\"https:\/\/www.scoala11brasov.ro\/wp-content\/uploads\/2024\/10\/WhatsApp-Image-2024-09-26-at-18.23.56-1024x768.jpeg\" alt=\"\" class=\"wp-image-702\" srcset=\"https:\/\/www.scoala11brasov.ro\/wp-content\/uploads\/2024\/10\/WhatsApp-Image-2024-09-26-at-18.23.56-1024x768.jpeg 1024w, https:\/\/www.scoala11brasov.ro\/wp-content\/uploads\/2024\/10\/WhatsApp-Image-2024-09-26-at-18.23.56-300x225.jpeg 300w, https:\/\/www.scoala11brasov.ro\/wp-content\/uploads\/2024\/10\/WhatsApp-Image-2024-09-26-at-18.23.56-768x576.jpeg 768w, https:\/\/www.scoala11brasov.ro\/wp-content\/uploads\/2024\/10\/WhatsApp-Image-2024-09-26-at-18.23.56-1536x1152.jpeg 1536w, https:\/\/www.scoala11brasov.ro\/wp-content\/uploads\/2024\/10\/WhatsApp-Image-2024-09-26-at-18.23.56.jpeg 1600w\" sizes=\"(max-width: 1024px) 100vw, 1024px\" \/><\/figure>\n\n\n\n<figure class=\"wp-block-image size-large\"><img decoding=\"async\" width=\"1024\" height=\"768\" src=\"https:\/\/www.scoala11brasov.ro\/wp-content\/uploads\/2024\/10\/WhatsApp-Image-2024-09-26-at-18.23.56-1-1024x768.jpeg\" alt=\"\" class=\"wp-image-703\" srcset=\"https:\/\/www.scoala11brasov.ro\/wp-content\/uploads\/2024\/10\/WhatsApp-Image-2024-09-26-at-18.23.56-1-1024x768.jpeg 1024w, https:\/\/www.scoala11brasov.ro\/wp-content\/uploads\/2024\/10\/WhatsApp-Image-2024-09-26-at-18.23.56-1-300x225.jpeg 300w, https:\/\/www.scoala11brasov.ro\/wp-content\/uploads\/2024\/10\/WhatsApp-Image-2024-09-26-at-18.23.56-1-768x576.jpeg 768w, https:\/\/www.scoala11brasov.ro\/wp-content\/uploads\/2024\/10\/WhatsApp-Image-2024-09-26-at-18.23.56-1-1536x1152.jpeg 1536w, https:\/\/www.scoala11brasov.ro\/wp-content\/uploads\/2024\/10\/WhatsApp-Image-2024-09-26-at-18.23.56-1.jpeg 1600w\" sizes=\"(max-width: 1024px) 100vw, 1024px\" \/><\/figure>\n\n\n\n<figure class=\"wp-block-image size-large\"><img loading=\"lazy\" decoding=\"async\" width=\"1024\" height=\"768\" src=\"https:\/\/www.scoala11brasov.ro\/wp-content\/uploads\/2024\/10\/WhatsApp-Image-2024-09-26-at-18.23.56-2-1024x768.jpeg\" alt=\"\" class=\"wp-image-704\" srcset=\"https:\/\/www.scoala11brasov.ro\/wp-content\/uploads\/2024\/10\/WhatsApp-Image-2024-09-26-at-18.23.56-2-1024x768.jpeg 1024w, https:\/\/www.scoala11brasov.ro\/wp-content\/uploads\/2024\/10\/WhatsApp-Image-2024-09-26-at-18.23.56-2-300x225.jpeg 300w, https:\/\/www.scoala11brasov.ro\/wp-content\/uploads\/2024\/10\/WhatsApp-Image-2024-09-26-at-18.23.56-2-768x576.jpeg 768w, https:\/\/www.scoala11brasov.ro\/wp-content\/uploads\/2024\/10\/WhatsApp-Image-2024-09-26-at-18.23.56-2-1536x1152.jpeg 1536w, https:\/\/www.scoala11brasov.ro\/wp-content\/uploads\/2024\/10\/WhatsApp-Image-2024-09-26-at-18.23.56-2.jpeg 2048w\" sizes=\"(max-width: 1024px) 100vw, 1024px\" \/><\/figure>\n\n\n\n<p>_______________________________________________________________________________________________________________<\/p>\n\n\n\n<p>_______________________________________________________________________________________________________________<\/p>\n\n\n\n<figure class=\"wp-block-image size-full\"><img decoding=\"async\" src=\"https:\/\/www.scoala11brasov.ro\/wp-content\/uploads\/2023\/10\/1639e9a6-95c6-409d-aa1a-e6246fdda4f9.jpg\" alt=\"\" class=\"wp-image-669\"\/><\/figure>\n\n\n\n<p><\/p>\n\n\n\n<p class=\"has-medium-font-size\">\u00cen data de 29.09.2023 \u0218coala Gimnazial\u0103 Nr. 11 &#8220;\u0218tefan Octavian Iosif&#8221; Bra\u0219ov a participat prin diferite activit\u0103\u021bi, &#8211; cum ar fi \u201dJocurile copil\u0103riei\u201d, \u201dCampionii \u0219tafetelor\u201d, minicampionat de fotbal, minicampionat de baschet, \u201dhandbalul descoperit prin joc\u201d &#8211; la <strong>EuropeanSchoolSportDay<\/strong>. Activit\u0103\u021bile au st\u00e2rnit mult entuziasm \u00een r\u00e2ndul elevilor. Mul\u021bumim tuturor pentru participare \u0219i implicare!<\/p>\n\n\n\n<p class=\"has-medium-font-size\">#ESSD2023 #BEACTIVE<\/p>\n\n\n\n<p class=\"has-medium-font-size\">@AsociatiaJudeteanaSportulPentruTotiSuceava<br>Program cofinan\u021bat de Uniunea European\u0103 prin Programul Erasmus+<\/p>\n\n\n\n<figure class=\"wp-block-image size-full\"><img decoding=\"async\" src=\"https:\/\/www.scoala11brasov.ro\/wp-content\/uploads\/2023\/10\/4a4e7e73-a1d7-4423-8466-28b9368c6b3d.jpg\" alt=\"\" class=\"wp-image-670\"\/><\/figure>\n\n\n\n<figure class=\"wp-block-image size-full\"><img decoding=\"async\" src=\"https:\/\/www.scoala11brasov.ro\/wp-content\/uploads\/2023\/10\/85bbbc33-42c7-4f9f-85b9-94cf3bd5730d.jpg\" alt=\"\" class=\"wp-image-674\"\/><\/figure>\n\n\n\n<figure class=\"wp-block-image size-full is-resized\"><img decoding=\"async\" src=\"https:\/\/www.scoala11brasov.ro\/wp-content\/uploads\/2023\/10\/0b03ffd9-5b17-428c-8c71-44dbd01badb2.jpg\" alt=\"\" class=\"wp-image-677\" style=\"width:743px;height:427px\"\/><\/figure>\n\n\n\n<figure class=\"wp-block-image size-full is-resized\"><img decoding=\"async\" src=\"https:\/\/www.scoala11brasov.ro\/wp-content\/uploads\/2023\/10\/0dcbfd32-ca94-4fb0-b468-64929a7a6b58.jpg\" alt=\"\" class=\"wp-image-678\" style=\"width:743px;height:419px\"\/><\/figure>\n\n\n\n<figure class=\"wp-block-image size-full is-resized\"><img decoding=\"async\" src=\"https:\/\/www.scoala11brasov.ro\/wp-content\/uploads\/2023\/10\/811d190e-d90e-43f4-b31c-0669ada251df.jpg\" alt=\"\" class=\"wp-image-681\" style=\"width:743px;height:557px\"\/><\/figure>\n\n\n\n<figure class=\"wp-block-image size-full is-resized\"><img decoding=\"async\" src=\"https:\/\/www.scoala11brasov.ro\/wp-content\/uploads\/2023\/10\/b67f1045-c2cc-4009-baa8-e8a4371b705d.jpg\" alt=\"\" class=\"wp-image-684\" style=\"width:742px;height:557px\"\/><\/figure>\n","protected":false},"excerpt":{"rendered":"<p>Elevii \u0218colii Gimnaziale Nr. 11 &#8220;\u0218tefan Octavian Iosif&#8221; Bra\u0219ov au participat \u00een perioada 23-27.09.2024 la European School Sport Day, un proiect deosebit \u00een cadrul c\u0103ruia s-au desf\u0103\u0219urat o mul\u021bime de activit\u0103\u021bi fizice \u0219i sportive. Dintre acestea men\u021bion\u0103m: Activitatea s-a desf\u0103\u0219urat \u00eentr-o atmosfer\u0103 frumoas\u0103 iar elevii \u00eempreun\u0103 cu profesorii s-au declarat \u00eenc\u00e2nta\u021bi la \u00eencheierea acesteia. _______________________________________________________________________________________________________________ [&hellip;]<\/p>\n","protected":false},"author":1,"featured_media":0,"parent":0,"menu_order":0,"comment_status":"closed","ping_status":"closed","template":"","meta":{"footnotes":""},"class_list":["post-505","page","type-page","status-publish","hentry"],"jetpack_sharing_enabled":true,"_links":{"self":[{"href":"https:\/\/www.scoala11brasov.ro\/index.php?rest_route=\/wp\/v2\/pages\/505","targetHints":{"allow":["GET"]}}],"collection":[{"href":"https:\/\/www.scoala11brasov.ro\/index.php?rest_route=\/wp\/v2\/pages"}],"about":[{"href":"https:\/\/www.scoala11brasov.ro\/index.php?rest_route=\/wp\/v2\/types\/page"}],"author":[{"embeddable":true,"href":"https:\/\/www.scoala11brasov.ro\/index.php?rest_route=\/wp\/v2\/users\/1"}],"replies":[{"embeddable":true,"href":"https:\/\/www.scoala11brasov.ro\/index.php?rest_route=%2Fwp%2Fv2%2Fcomments&post=505"}],"version-history":[{"count":2,"href":"https:\/\/www.scoala11brasov.ro\/index.php?rest_route=\/wp\/v2\/pages\/505\/revisions"}],"predecessor-version":[{"id":706,"href":"https:\/\/www.scoala11brasov.ro\/index.php?rest_route=\/wp\/v2\/pages\/505\/revisions\/706"}],"wp:attachment":[{"href":"https:\/\/www.scoala11brasov.ro\/index.php?rest_route=%2Fwp%2Fv2%2Fmedia&parent=505"}],"curies":[{"name":"wp","href":"https:\/\/api.w.org\/{rel}","templated":true}]}}